{"id":21,"date":"2018-07-12T12:22:42","date_gmt":"2018-07-12T12:22:42","guid":{"rendered":"http:\/\/hunting-experience.com\/?page_id=21"},"modified":"2018-08-07T15:55:59","modified_gmt":"2018-08-07T15:55:59","slug":"chukotka-moose","status":"publish","type":"page","link":"https:\/\/hunting-experience.com\/zh\/chukotka-moose\/","title":{"rendered":"\u695a\u79d1\u5947\uff08Chukotka\uff09\u9a7c\u9e7f\u72e9\u730e"},"content":{"rendered":"<h2><strong>\u695a\u79d1\u5947\u9a7c\u9e7f\u72e9\u730e<\/strong><\/h2>\n<p class=\"translation-block\">\u5176\u4ed6\u540d\u5b57\u5305\u62ec\u695a\u514b\u9a7c\u9e7f\u3001\u4e1c\u897f\u4f2f\u5229\u4e9a\u9a7c\u9e7f\u548c\u8fdc\u4e1c\u9a7c\u9e7f\u3002 \u5728\u4e9a\u6d32\u548c\u6b27\u6d32\u53eb\u505a\u9a7c\u9e7f\uff08\u6216elch\uff09\u3002 \u5fb7\u8bed \u2013  Chukchi Elch<\/p>\n<ul>\n<li>\u6cd5\u8bed \u2013 Chukchi original<\/li>\n<li>\u897f\u73ed\u7259\u8bed \u2013 Alce de Chukchi<\/li>\n<li>\u4e2d\u6587 \u2013 \u695a\u79d1\u5947\u99dd\u9e7f \u2013 Ch\u01d4 k\u0113 q\u00ed tu\u00f3l\u00f9<\/li>\n<li>\u65e5\u8bed \u2013 \u30c1\u30e7\u30c3\u30ad\u30e0\u30fc\u30b9 - Chokkim\u016bsu<\/li>\n<li>\u610f\u5927\u5229\u8bed \u2013 Alci Chukchi<\/li>\n<\/ul>\n<p>\u695a\u79d1\u5947\u9a7c\u9e7f\u662f\u4e9a\u6d32\u6700\u5927\u7684\u9a7c\u9e7f\uff0c\u9e7f\u89d2\u7279\u522b\u5927\u3002 \u8fd9\u79cd\u9a7c\u9e7f\u4e0e\u963f\u62c9\u65af\u52a0\u9a7c\u9e7f\u5f88\u50cf\u3002 \u96c4\u6027\u7684\u695a\u79d1\u5361\u9a7c\u9e7f\u548c\u96cc\u6027\u4e00\u6837\u5927\uff0c\u4f46\u96c4\u6027\u7684\u89d2\u8981\u5927\u5f97\u591a\u3002 \u9a7c\u9e7f\u7684\u4f53\u91cd\u7ea6\u4e3a 650-800 \u516c\u65a4\uff081430-1760 \u78c5\uff09\uff0c\u5176\u80a9\u9ad8\u7ea6\u4e3a 200-224 \u516c\u5c3a\uff086'6.74\u82f1\u5bf8-7'22\u82f1\u5bf8\uff09\uff0c\u89d2\u91cd\u7ea6\u4e3a 22-45 \u5343\u514b\uff0848.5-100 \u78c5\uff09<\/p>\n<p>\u695a\u79d1\u5947\u9a7c\u9e7f\u7684\u8bb0\u5f55\u6218\u5229\u54c1\u957f\u5ea6\u4e3a 648\"\uff0c\u624b\u638c\u957f 196\"\uff0c\u6700\u5927\u5916\u5c5567 4\/8\"\uff081.71\u7c73\uff09\uff0c\u7531\u730e\u4eba\u65af\u79d1\u7279\u00b7\u591a\u897f\uff08Scott Doxey\uff09\u5728SCI \u8bb0\u5f55\u518c\u4e2d\u767b\u8bb0\u3002<\/p>\n<p>\u6240\u6709\u6210\u5e74\u7684\u695a\u79d1\u5947\u9a7c\u9e7f\u90fd\u6709\u638c\u72b6\u9e7f\u89d2\uff0c\u5e94\u901a\u8fc7 Method 25P \u65b9\u6cd5\u8fdb\u884c\u6d4b\u91cf\u3002<\/p>\n<p class=\"translation-block\"><strong>\u72e9\u730e\u65f6\u95f4\u6bb5\uff1a<\/strong> 9 \u6708 10 \u65e5 - 10 \u6708 20 \u65e5\u3002<\/p>\n<p><img decoding=\"async\" class=\"alignright wp-image-66\" src=\"http:\/\/hunting-experience.com\/wp-content\/uploads\/2018\/07\/moose.jpg\" alt=\"\" width=\"600\" height=\"399\" srcset=\"https:\/\/hunting-experience.com\/wp-content\/uploads\/2018\/07\/moose-200x133.jpg 200w, https:\/\/hunting-experience.com\/wp-content\/uploads\/2018\/07\/moose-300x200.jpg 300w, https:\/\/hunting-experience.com\/wp-content\/uploads\/2018\/07\/moose-400x266.jpg 400w, https:\/\/hunting-experience.com\/wp-content\/uploads\/2018\/07\/moose-600x399.jpg 600w, https:\/\/hunting-experience.com\/wp-content\/uploads\/2018\/07\/moose.jpg 700w\" sizes=\"(max-width: 600px) 100vw, 600px\" \/> <strong>\u72e9\u730e\u5730\u70b9\uff1a<\/strong> \u6bd4\u65af\u7279\u6797\u65af\u57fa\uff08Bystrinskiy\uff09\u5730\u533a\u3002<\/p>\n<p><strong>\u670d\u52a1\u5957\u9910\u5305\u542b\uff1a<\/strong><\/p>\n<ul>\n<li>\u63a5\u9001\u673a\uff1b<\/li>\n<li>\u4e13\u4e1a\u730e\u4eba\uff1b<\/li>\n<li>\u9646\u5730\u8fd0\u8f93\uff0c\u63a5\u9001\u5230\u72e9\u730e\u573a\uff1b<\/li>\n<li>\u98df\u7269\uff0c\u996e\u6599\uff1b<\/li>\n<li>\u6267\u7167\uff1b<\/li>\n<li>\u6218\u5229\u54c1\u7684\u521d\u6b65\u5904\u7406\u548c\u5305\u88c5\uff1b<\/li>\n<li>\u517d\u533b\u8bc1\u4e66\uff1b<\/li>\n<li>\u4f4f\u5728\u72e9\u730e\u5c0f\u5c4b\u6216\u8005\u5e10\u7bf7\u8425\u5730\u3002<\/li>\n<\/ul>\n<h3>\u4e0d\u5305\u542b\uff1a<\/h3>\n<ul>\n<li>\u6b66\u5668\u79df\u8d41\uff1b<\/li>\n<li>\u9152\u7cbe\u996e\u54c1\uff1b<\/li>\n<li>\u9152\u5e97\u98df\u5bbf\uff08\u5982\u6709\u9700\u8981\uff09\uff1b<\/li>\n<li>\u989d\u5916\u7684\u6218\u5229\u54c1\u5904\u7406\u8d39\u7528\uff1b<\/li>\n<li>\u989d\u5916\u7684\u6218\u5229\u54c1\u5904\u7406\u8d39\u7528\uff1b<\/li>\n<li>\u5c06\u6218\u5229\u54c1\u4ece\u582a\u5bdf\u52a0\u5f7c\u5f97\u7f57\u5df4\u752b\u6d1b\u592b\u65af\u514b\u8fd0\u8f93\u5230\u83ab\u65af\u79d1\u6216\u8005\u5230\u60a8\u7684\u5bb6\u4e2d<\/li>\n<\/ul>","protected":false},"excerpt":{"rendered":"<p>Chukotka Moose hunting Other names are\u00a0Chukchi moose,\u00a0east Siberian moose\u00a0and\u00a0far eastern [&hellip;]<\/p>\n","protected":false},"author":3,"featured_media":0,"parent":0,"menu_order":0,"comment_status":"closed","ping_status":"closed","template":"","meta":{"footnotes":""},"class_list":["post-21","page","type-page","status-publish","hentry"],"_links":{"self":[{"href":"https:\/\/hunting-experience.com\/zh\/wp-json\/wp\/v2\/pages\/21","targetHints":{"allow":["GET"]}}],"collection":[{"href":"https:\/\/hunting-experience.com\/zh\/wp-json\/wp\/v2\/pages"}],"about":[{"href":"https:\/\/hunting-experience.com\/zh\/wp-json\/wp\/v2\/types\/page"}],"author":[{"embeddable":true,"href":"https:\/\/hunting-experience.com\/zh\/wp-json\/wp\/v2\/users\/3"}],"replies":[{"embeddable":true,"href":"https:\/\/hunting-experience.com\/zh\/wp-json\/wp\/v2\/comments?post=21"}],"version-history":[{"count":7,"href":"https:\/\/hunting-experience.com\/zh\/wp-json\/wp\/v2\/pages\/21\/revisions"}],"predecessor-version":[{"id":414,"href":"https:\/\/hunting-experience.com\/zh\/wp-json\/wp\/v2\/pages\/21\/revisions\/414"}],"wp:attachment":[{"href":"https:\/\/hunting-experience.com\/zh\/wp-json\/wp\/v2\/media?parent=21"}],"curies":[{"name":"wp","href":"https:\/\/api.w.org\/{rel}","templated":true}]}}