{"id":18,"date":"2018-07-12T12:22:33","date_gmt":"2018-07-12T12:22:33","guid":{"rendered":"http:\/\/hunting-experience.com\/?page_id=18"},"modified":"2018-08-07T15:52:34","modified_gmt":"2018-08-07T15:52:34","slug":"kamchatka-snow-sheep","status":"publish","type":"page","link":"https:\/\/hunting-experience.com\/zh\/kamchatka-snow-sheep\/","title":{"rendered":"\u52d8\u5bdf\u52a0\uff08Kamchatka\uff09\u96ea\u7f8a\u72e9\u730e"},"content":{"rendered":"<h2><strong>KAMCHATKA SNOW SHEEP HUNTING<\/strong><strong>\u00a0<\/strong><\/h2>\n<p class=\"translation-block\">\u52d8\u5bdf\u52a0\u96ea\u7f8a\uff08Ovis nivicola) (Chubook)<\/p>\n<p class=\"translation-block\">\u540d\u5b57\uff08\u82f1\u8bed\uff09\u2013 Kamchatka Snow Sheep,  \uff08\u5fb7\u8bed\uff09 \u2013 Kamchatka Scheeschaf, \uff08\u6cd5\u8bed\uff09 Mouflon des neiges du Kamchatka, \uff08\u897f\u73ed\u7259\u8bed\uff09 Carnero de las nieves de Kamchatka, \uff08\u610f\u5927\u5229\u8bed\uff09 Pecore della neve Kamchatka, \uff08\u4e2d\u6587\uff09\u582a\u5bdf\u52a0\u96ea\u7f8a, K\u0101n ch\u00e1 ji\u0101 xu\u011b y\u00e1ng<\/p>\n<p>\uff08\u65e5\u8bed\uff09 \u30ab\u30e0\u30c1\u30e3\u30c3\u30ab\u30b9\u30ce\u30fc\u30b7\u30fc\u30d7 Kamuchakkasun\u014dsh\u012bpu<\/p>\n<p>\u582a\u5bdf\u52a0\u96ea\u7f8a\u662f\u582a\u5bdf\u52a0\u7279\u6709\u7684\u7269\u79cd\u3002<\/p>\n<p><img decoding=\"async\" class=\"alignright wp-image-63\" src=\"http:\/\/hunting-experience.com\/wp-content\/uploads\/2018\/07\/argali_askar-davletbakov_-1024x774.jpg\" alt=\"\" width=\"600\" height=\"454\" srcset=\"https:\/\/hunting-experience.com\/wp-content\/uploads\/2018\/07\/argali_askar-davletbakov_-200x151.jpg 200w, https:\/\/hunting-experience.com\/wp-content\/uploads\/2018\/07\/argali_askar-davletbakov_-300x227.jpg 300w, https:\/\/hunting-experience.com\/wp-content\/uploads\/2018\/07\/argali_askar-davletbakov_-400x302.jpg 400w, https:\/\/hunting-experience.com\/wp-content\/uploads\/2018\/07\/argali_askar-davletbakov_-600x454.jpg 600w, https:\/\/hunting-experience.com\/wp-content\/uploads\/2018\/07\/argali_askar-davletbakov_-768x581.jpg 768w, https:\/\/hunting-experience.com\/wp-content\/uploads\/2018\/07\/argali_askar-davletbakov_-800x605.jpg 800w, https:\/\/hunting-experience.com\/wp-content\/uploads\/2018\/07\/argali_askar-davletbakov_-1024x774.jpg 1024w, https:\/\/hunting-experience.com\/wp-content\/uploads\/2018\/07\/argali_askar-davletbakov_-1200x907.jpg 1200w, https:\/\/hunting-experience.com\/wp-content\/uploads\/2018\/07\/argali_askar-davletbakov_.jpg 2633w\" sizes=\"(max-width: 600px) 100vw, 600px\" \/>\u8fd9\u4e9b\u516c\u7f8a\u590f\u5929\u65f6\u76ae\u6bdb\u662f\u6df1\u5de7\u514b\u529b\u8272\u7684\uff0c\u51ac\u5929\u65f6\u76ae\u6bdb\u662f\u6d45\u7070\u68d5\u8272\u7684\u3002 \u5b83\u4eec\u6709\u5de8\u5927\u7684\u89d2\u3002 \u582a\u5bdf\u52a0\u96ea\u7f8a\u96c4\u6027\u6bd4\u96cc\u6027\u5927 25%\uff1b\u96c4\u6027\u7684\u89d2\u5927\u5f97\u591a\u3002\u516c\u7f8a\u7684\u4f53\u91cd\u5927\u5f97\u591a\uff0c\u7ea6\u4e3a 80-150 \u516c\u65a4\uff08 180-330 \u78c5\uff09\uff0c\u5728\u6700\u5927\u7684\u4e9a\u79cd\u4e2d\uff0c\u5176\u80a9\u9686\u9ad8\u5ea6\u7ea6\u4e3a 0.8-1.1 \u7c73\uff08 31-39 \u82f1\u5bf8\uff09\u3002<\/p>\n<p>\u582a\u5bdf\u52a0\u96ea\u7f8a\u7684\u6700\u9ad8\u7eaa\u5f55\u662f179 3\/8\"\u3002 <strong>179 3\/8&#8243;\u00a0<\/strong><\/p>\n<p class=\"translation-block\">\u5206\u6570\u3002 \u89d2\u7684\u957f\u5ea6\u4e3a\u5de6\u89d2 44 3\/8\"\uff08113\u5398\u7c73\uff09\uff0c\u53f3\u89d2 44 4\/8\"\uff08113\u5398\u7c73\uff09\uff0c\u7531\u730e\u4eba\u8fea\u7279\u00b7\u666e\u51e1\u5b81\u65af\u5766\uff08Dieter Pfanneinstein\uff09\u4e8e 2014 \u5e74\u5728 SCI \u8bb0\u5f55\u518c\u4e2d\u767b\u8bb0\u3002<\/p>\n<p>\u582a\u5bdf\u52a0\u96ea\u7f8a\uff08Chubook\uff09\u662f\u5c45\u4f4f\u5728\u582a\u5bdf\u52a0\u534a\u5c9b\u5c71\u5730\u7684\u5317\u7f8e\u77f3\u7f8a\u8fd1\u4eb2\u3002 \u72e9\u730e\u582a\u5bdf\u52a0\u96ea\u7f8a\u548c\u72e9\u730e\u5176\u4ed6\u5c71\u5730\u7ef5\u7f8a\u4e00\u6837\uff0c\u9700\u8981\u62e5\u6709\u826f\u597d\u7684\u4f53\u529b\u3002 \u72e9\u730e\u533a\u4f4d\u4e8e\u582a\u5bdf\u52a0\u4e2d\u5fc3\u7684\u897f\u5317\u90e8\uff0c\u5728\u9996\u5e9c\u5f7c\u5f97\u7f57\u5df4\u752b\u6d1b\u592b\u65af\u514b\u5317\u90e8\u7ea6 200-300 \u516c\u91cc\u3002<\/p>\n<h3>\u72e9\u730e\u5b63\u8282<\/h3>\n<p><strong>8 \u6708 1 \u65e5 - 10 \u6708 15 \u65e5<\/strong><\/p>\n<h3>\u65f6\u95f4\u5b89\u6392\uff1a<\/h3>\n<ul>\n<li><strong>\u7b2c 1 \u5929 -<\/strong> \u62b5\u8fbe\u5f7c\u5f97\u7f57\u5df4\u752b\u6d1b\u592b\u65af\u514b\uff0c\u901a\u5173\uff0c\u5982\u679c\u6709\u5fc5\u8981\uff0c\u5728\u9152\u5e97\u8fc7\u591c\uff08\u53d6\u51b3\u4e8e\u5230\u8fbe\u52d8\u5bdf\u52a0\u5f7c\u5f97\u7f57\u5df4\u752b\u6d1b\u592b\u65af\u514b\u7684\u65f6\u95f4\uff09\u3002\u6216\u8005\u79bb\u5f00\u5f7c\u5f97\u7f57\u5df4\u752b\u6d1b\u592b\u65af\u514b\u524d\u5f80\u72e9\u730e\u533a\u57df<\/li>\n<li class=\"translation-block\">\u7b2c 2 \u5929 - \u79bb\u5f00\u5f7c\u5f97\u7f57\u5df4\u752b\u6d1b\u592b\u65af\u514b\uff0c\u4e58\u5750\u72e9\u730e\u6f5c\u8247\u6216\u76f4\u5347\u673a\u524d\u5f80\u5927\u672c\u8425\u8fc7\u591c\u3002<\/li>\n<li class=\"translation-block\">\u7b2c 3 \u5929 - \u4e58\u5750\u76f4\u5347\u673a\u6216 ATV \u79bb\u5f00\u5927\u672c\u8425\u524d\u5f80\u5c71\u533a\u3002<\/li>\n<li class=\"translation-block\">\u7b2c 3 \u5929\u5230\u7b2c 12 \u5929 - \u72e9\u730e\u96ea\u7f8a\u3002<\/li>\n<li class=\"translation-block\">\u7b2c 13 \u5929 - \u8fd4\u56de\u5927\u672c\u8425\uff0c\u7136\u540e\u79bb\u5f00\u524d\u5f80\u5f7c\u5f97\u7f57\u5df4\u752b\u6d1b\u592b\u65af\u514b\uff0c\u5728\u9152\u5e97\u8fc7\u591c\u3002<\/li>\n<li class=\"translation-block\">\u7b2c 14 \u5929 - \u79bb\u5f00\u5f7c\u5f97\u7f57\u5df4\u752b\u6d1b\u592b\u65af\u514b\u5f52\u5bb6\u3002<\/li>\n<\/ul>\n<h3>\u72e9\u730e\uff1a<\/h3>\n<p><img decoding=\"async\" class=\"alignright wp-image-65\" src=\"http:\/\/hunting-experience.com\/wp-content\/uploads\/2018\/07\/Home-SnowSheep2_1155x770-1024x683.jpg\" alt=\"\" width=\"600\" height=\"400\" srcset=\"https:\/\/hunting-experience.com\/wp-content\/uploads\/2018\/07\/Home-SnowSheep2_1155x770-200x133.jpg 200w, https:\/\/hunting-experience.com\/wp-content\/uploads\/2018\/07\/Home-SnowSheep2_1155x770-300x200.jpg 300w, https:\/\/hunting-experience.com\/wp-content\/uploads\/2018\/07\/Home-SnowSheep2_1155x770-400x267.jpg 400w, https:\/\/hunting-experience.com\/wp-content\/uploads\/2018\/07\/Home-SnowSheep2_1155x770-600x400.jpg 600w, https:\/\/hunting-experience.com\/wp-content\/uploads\/2018\/07\/Home-SnowSheep2_1155x770-768x512.jpg 768w, https:\/\/hunting-experience.com\/wp-content\/uploads\/2018\/07\/Home-SnowSheep2_1155x770-800x533.jpg 800w, https:\/\/hunting-experience.com\/wp-content\/uploads\/2018\/07\/Home-SnowSheep2_1155x770-1024x683.jpg 1024w, https:\/\/hunting-experience.com\/wp-content\/uploads\/2018\/07\/Home-SnowSheep2_1155x770.jpg 1155w\" sizes=\"(max-width: 600px) 100vw, 600px\" \/>\u8fd9\u662f\u4e00\u6b21\u7ecf\u5178\u7684\u72e9\u730e\u6d41\u7a0b\uff0c\u4e5f\u662f\u5927\u591a\u6570\u5c71\u5730\u7f8a\u7684\u72e9\u730e\u6d41\u7a0b\u3002 \u5728\u72e9\u730e\u671f\u95f4\uff0c\u60a8\u6bcf\u6b21\u4f7f\u7528\u5c71\u5730\u5e10\u7bf7\u8425\u5730 2-5 \u5929\u3002 \u4ece\u8425\u5730\u51fa\u53d1\uff0c\u60a8\u6b65\u884c 5-7 \u516c\u91cc\uff0c\u4f7f\u7528\u53cc\u7b52\u671b\u8fdc\u955c\u548c\u65e0\u7ebf\u7535\u671b\u8fdc\u955c\u6765\u5bfb\u627e\u9002\u5408\u72e9\u730e\u7684\u516c\u7f8a\u3002 \u6211\u4eec\u7684\u5411\u5bfc\u4f1a\u63d0\u524d\u627e\u5230\u7f8a\u7684\u6816\u606f\u5730\u3002 \u60a8\u53ef\u4ee5\u76f4\u63a5\u5728\u5e10\u7bf7\u5185\u770b\u5230\u7f8a\u548c\u718a\uff0c\u4f46\u662f\u5982\u679c\u60a8\u60f3\u5f97\u5230\u4f18\u8d28\u7684\u6218\u5229\u54c1\uff0c\u60a8\u5fc5\u987b\u4ed8\u51fa\u66f4\u591a\u7cbe\u529b\u3002 \u4e00\u822c\u7684\u5c04\u51fb\u8ddd\u79bb\u5728 200 \u7c73 \uff08220 \u7801\uff09 \u4ee5\u4e0a\u3002 \u60a8\u7684\u5411\u5bfc\u80fd\u591f\u5e2e\u52a9\u60a8\u627e\u5230\u516c\u7f8a\uff0c\u7136\u540e\u5728\u627e\u5230\u5408\u9002\u7684\u516c\u7f8a\u76ee\u6807\u65f6\u89c4\u5212\u5c04\u51fb\u3002<\/p>\n<h3>\u4f4f\u5bbf\u8bbe\u65bd\uff1a<\/h3>\n<p>\u60a8\u4f1a\u88ab\u5b89\u6392\u5c45\u4f4f\u5728\u5927\u672c\u8425\u7684\u4e00\u4e2a\u8212\u9002\u7684\u623f\u5b50\u91cc\uff0c\u5e26\u6709\u4e00\u4e2a\u6216\u4e24\u4e2a\u72ec\u7acb\u7684\u5367\u5ba4\u3001\u536b\u661f\u7535\u89c6\u3001Wi-Fi\u3001\u4e92\u8054\u7f51\u3001\u6dcb\u6d74\u548c\u6851\u62ff\u623f\uff0c\u8fd8\u6709\u4e00\u540d\u5168\u804c\u53a8\u5e08\u548c\u4e00\u540d\u7ffb\u8bd1\u3002 \u72e9\u730e\u671f\u95f4\uff0c\u60a8\u4f1a\u5446\u5728\u5c71\u4e0a\u7684\u5e10\u7bf7\u91cc\u3002 \u6211\u4eec\u7684\u5e10\u7bf7\u914d\u5907\u6709\u5e8a\u94fa\u4ee5\u53ca\u76f8\u5173\u914d\u4ef6\u3002 \u4f46\u662f\uff0c\u60a8\u5fc5\u987b\u5e26\u4e0a\u81ea\u5df1\u7684\u7761\u888b\u3002<\/p>\n<h3>\u5929\u6c14\uff1a<\/h3>\n<p>8 \u6708\u767d\u5929\u6e29\u5ea6\u4e3a +15 \u81f3 +25 \u6444\u6c0f\u5ea6\uff0c\u591c\u95f4\u6e29\u5ea6\u4e3a 0 \u81f3 +10 \u6444\u6c0f\u5ea6\u3002 \u6709\u65f6\u4f1a\u4e0b\u96e8\u6216\u8005\u4e0b\u96ea\uff0c\u56e0\u6b64\u60a8\u9700\u8981\u4e3a\u8fd9\u79cd\u60c5\u51b5\u51c6\u5907\u597d\u5408\u9002\u7684\u8863\u670d\u3002<\/p>\n<p>9 \u6708\u767d\u5929\u6e29\u5ea6\u4e3a +5 \u81f3 +15 \u6444\u6c0f\u5ea6\uff0c\u591c\u95f4\u6e29\u5ea6\u4e3a 0 \u81f3 +3 \u81f3 4 \u6444\u6c0f\u5ea6\u3002 \u6709\u65f6\u4f1a\u4e0b\u96e8\u6216\u8005\u4e0b\u96ea\uff0c\u56e0\u6b64\u60a8\u9700\u8981\u4e3a\u8fd9\u79cd\u60c5\u51b5\u51c6\u5907\u597d\u5408\u9002\u7684\u8863\u670d\u3002<\/p>\n<h3>\u670d\u52a1\u5957\u9910\u5305\u542b\uff1a<\/h3>\n<ul>\n<li>\u63a5\u9001\u673a\uff1b<\/li>\n<li>\u4e13\u4e1a\u730e\u4eba\uff1b<\/li>\n<li>\u9646\u5730\u8fd0\u8f93\uff0c\u63a5\u9001\u5230\u72e9\u730e\u573a\uff1b<\/li>\n<li>\u98df\u7269\uff0c\u996e\u6599\uff1b<\/li>\n<li>\u6267\u7167\uff1b<\/li>\n<li>\u6218\u5229\u54c1\u7684\u521d\u6b65\u5904\u7406\u548c\u5305\u88c5\uff1b<\/li>\n<li>\u517d\u533b\u8bc1\u4e66\uff1b<\/li>\n<\/ul>","protected":false},"excerpt":{"rendered":"<p>KAMCHATKA SNOW SHEEP HUNTING\u00a0 Kamchatka Snow\u00a0 sheep (Ovis nivicola) (Chubook) [&hellip;]<\/p>\n","protected":false},"author":3,"featured_media":0,"parent":0,"menu_order":0,"comment_status":"closed","ping_status":"open","template":"","meta":{"footnotes":""},"class_list":["post-18","page","type-page","status-publish","hentry"],"_links":{"self":[{"href":"https:\/\/hunting-experience.com\/zh\/wp-json\/wp\/v2\/pages\/18","targetHints":{"allow":["GET"]}}],"collection":[{"href":"https:\/\/hunting-experience.com\/zh\/wp-json\/wp\/v2\/pages"}],"about":[{"href":"https:\/\/hunting-experience.com\/zh\/wp-json\/wp\/v2\/types\/page"}],"author":[{"embeddable":true,"href":"https:\/\/hunting-experience.com\/zh\/wp-json\/wp\/v2\/users\/3"}],"replies":[{"embeddable":true,"href":"https:\/\/hunting-experience.com\/zh\/wp-json\/wp\/v2\/comments?post=18"}],"version-history":[{"count":7,"href":"https:\/\/hunting-experience.com\/zh\/wp-json\/wp\/v2\/pages\/18\/revisions"}],"predecessor-version":[{"id":409,"href":"https:\/\/hunting-experience.com\/zh\/wp-json\/wp\/v2\/pages\/18\/revisions\/409"}],"wp:attachment":[{"href":"https:\/\/hunting-experience.com\/zh\/wp-json\/wp\/v2\/media?parent=18"}],"curies":[{"name":"wp","href":"https:\/\/api.w.org\/{rel}","templated":true}]}}